{"id":99,"date":"2018-05-19T18:20:15","date_gmt":"2018-05-19T18:20:15","guid":{"rendered":"http:\/\/127.0.0.1\/wordpress\/?page_id=99"},"modified":"2026-04-17T10:46:48","modified_gmt":"2026-04-17T09:46:48","slug":"projektgruppe-fruhkindliche-bildung","status":"publish","type":"page","link":"https:\/\/berid.de\/?page_id=99","title":{"rendered":"Projektgruppe fr\u00fchkindliche Bildung"},"content":{"rendered":"<p>BERiD hatte f\u00fcr die Entwicklung vorschulischer Angebote f\u00fcr Kinder beruflich Reisender eine Projektgruppe eingesetzt. Die Gruppe hatte ihre Arbeit am 29.9.2017 aufgenommen. Die Koordination und Leitung der Gruppe lag bei Ministerialr\u00e4tin i. R. Birgid Oertel. Die Arbeit der Gruppe umfasste die Entwicklung eines Konzepts f\u00fcr den gesamten Bereich der Bundesrepublik Deutschland. Dazu kooperierte sie mit Kirchen, Wohlfahrtsverb\u00e4nden, Organisationen, St\u00e4dten, Gemeinden und den zust\u00e4ndigen Ministerien der L\u00e4nder. Frau MRtn Oertel\u00a0 hatte dazu ein Konzept und Ausf\u00fchrungen vorgelegt. Die Projektgruppe hat am 24.02.2026 ihre Arbeit beendet.<\/p>\n<p>Unser Pr\u00e4sidium und Beiratsmitglieder werden das Thema weiterhin betreuen .<\/p>\n<p>&nbsp;<\/p>\n","protected":false},"excerpt":{"rendered":"<p>BERiD hatte f\u00fcr die Entwicklung vorschulischer Angebote f\u00fcr Kinder beruflich Reisender eine Projektgruppe eingesetzt. Die Gruppe hatte ihre Arbeit am 29.9.2017 aufgenommen. Die Koordination und Leitung der Gruppe lag bei Ministerialr\u00e4tin i. R. Birgid Oertel. Die Arbeit der Gruppe umfasste die Entwicklung eines Konzepts f\u00fcr den gesamten Bereich der Bundesrepublik [&hellip;]<\/p>\n","protected":false},"author":4,"featured_media":0,"parent":0,"menu_order":0,"comment_status":"closed","ping_status":"closed","template":"","meta":{"footnotes":""},"class_list":["post-99","page","type-page","status-publish","hentry"],"_links":{"self":[{"href":"https:\/\/berid.de\/index.php?rest_route=\/wp\/v2\/pages\/99","targetHints":{"allow":["GET"]}}],"collection":[{"href":"https:\/\/berid.de\/index.php?rest_route=\/wp\/v2\/pages"}],"about":[{"href":"https:\/\/berid.de\/index.php?rest_route=\/wp\/v2\/types\/page"}],"author":[{"embeddable":true,"href":"https:\/\/berid.de\/index.php?rest_route=\/wp\/v2\/users\/4"}],"replies":[{"embeddable":true,"href":"https:\/\/berid.de\/index.php?rest_route=%2Fwp%2Fv2%2Fcomments&post=99"}],"version-history":[{"count":5,"href":"https:\/\/berid.de\/index.php?rest_route=\/wp\/v2\/pages\/99\/revisions"}],"predecessor-version":[{"id":991,"href":"https:\/\/berid.de\/index.php?rest_route=\/wp\/v2\/pages\/99\/revisions\/991"}],"wp:attachment":[{"href":"https:\/\/berid.de\/index.php?rest_route=%2Fwp%2Fv2%2Fmedia&parent=99"}],"curies":[{"name":"wp","href":"https:\/\/api.w.org\/{rel}","templated":true}]}}