{"id":964,"date":"2021-05-25T15:20:16","date_gmt":"2021-05-25T14:20:16","guid":{"rendered":"http:\/\/berid.de\/?page_id=964"},"modified":"2026-04-17T11:27:46","modified_gmt":"2026-04-17T10:27:46","slug":"digitales-lernen-unterwegs","status":"publish","type":"page","link":"https:\/\/berid.de\/?page_id=964","title":{"rendered":"Digitales Lernen unterwegs"},"content":{"rendered":"\n<p>Das Schultagebuch wird seit 2025 in der digitalen Form von&nbsp;<a href=\"http:\/\/www.diglu.de\/\">www.diglu.de<\/a>&nbsp;angeboten. Es enth\u00e4lt die wichtigsten Informationen f\u00fcr ein Kind, damit sein Schulbesuch fortlaufend dokumentiert und unterst\u00fctzt werden kann. Es ist deshalb so wichtig, damit das Kind die wichtigsten Unterrichtsinhalte angeboten bekommt. F\u00fcr reisende Kinder ist die Teilnahme an&nbsp;<a href=\"http:\/\/www.diglu.de\/\">www.diglu.de<\/a>&nbsp;Pflicht. Das Schultagebuch auf Papierbasis wird nur noch in Mecklenburg-Vorpommern verwendet.<\/p>\n\n\n\n<p>Bitte das Kind bei <a href=\"https:\/\/www.diglu.de\/\">DigLu <\/a>anmelden. Die Bereichslehrkr\u00e4fte k\u00f6nnen dabei helfen.<\/p>\n\n\n\n<p><\/p>\n","protected":false},"excerpt":{"rendered":"<p>Das Schultagebuch wird seit 2025 in der digitalen Form von&nbsp;www.diglu.de&nbsp;angeboten. Es enth\u00e4lt die wichtigsten Informationen f\u00fcr ein Kind, damit sein Schulbesuch fortlaufend dokumentiert und unterst\u00fctzt werden kann. Es ist deshalb so wichtig, damit das Kind die wichtigsten Unterrichtsinhalte angeboten bekommt. F\u00fcr reisende Kinder ist die Teilnahme an&nbsp;www.diglu.de&nbsp;Pflicht. Das Schultagebuch auf [&hellip;]<\/p>\n","protected":false},"author":3,"featured_media":0,"parent":0,"menu_order":0,"comment_status":"closed","ping_status":"closed","template":"","meta":{"footnotes":""},"class_list":["post-964","page","type-page","status-publish","hentry"],"_links":{"self":[{"href":"https:\/\/berid.de\/index.php?rest_route=\/wp\/v2\/pages\/964","targetHints":{"allow":["GET"]}}],"collection":[{"href":"https:\/\/berid.de\/index.php?rest_route=\/wp\/v2\/pages"}],"about":[{"href":"https:\/\/berid.de\/index.php?rest_route=\/wp\/v2\/types\/page"}],"author":[{"embeddable":true,"href":"https:\/\/berid.de\/index.php?rest_route=\/wp\/v2\/users\/3"}],"replies":[{"embeddable":true,"href":"https:\/\/berid.de\/index.php?rest_route=%2Fwp%2Fv2%2Fcomments&post=964"}],"version-history":[{"count":3,"href":"https:\/\/berid.de\/index.php?rest_route=\/wp\/v2\/pages\/964\/revisions"}],"predecessor-version":[{"id":999,"href":"https:\/\/berid.de\/index.php?rest_route=\/wp\/v2\/pages\/964\/revisions\/999"}],"wp:attachment":[{"href":"https:\/\/berid.de\/index.php?rest_route=%2Fwp%2Fv2%2Fmedia&parent=964"}],"curies":[{"name":"wp","href":"https:\/\/api.w.org\/{rel}","templated":true}]}}