{"id":96,"date":"2018-05-19T18:20:15","date_gmt":"2018-05-19T18:20:15","guid":{"rendered":"http:\/\/127.0.0.1\/wordpress\/?page_id=96"},"modified":"2026-04-17T10:50:09","modified_gmt":"2026-04-17T09:50:09","slug":"ablaufbogen-bedarfsanmeldung","status":"publish","type":"page","link":"https:\/\/berid.de\/?page_id=96","title":{"rendered":"Ablaufbogen Bedarfsanmeldung"},"content":{"rendered":"<p>Der Besuch eines Kindergartens\/einer Kindertagesst\u00e4tte ist auf der Reise schwer zu organisieren, zumal die Kita-Pl\u00e4tze an vielen Orten nicht ausreichen. Deshalb sind vor allem die \u00f6rtlichen Schaustellervereine gefordert, zusammen mit den Jugend\u00e4mtern L\u00f6sungen zu finden.<\/p>\n<p>Eltern sollten fr\u00fchzeitig den Gemeinden z.B. mit dem Gesch\u00e4ftsvertrag mitteilen, wie viele schulpflichtige Kinder und wie viele Vorschulkinder sie zum Gastspielort\/zur Kirmes mitbringen.<\/p>\n<p>Dabei soll der \u201e<a href=\"http:\/\/berid.de\/wp-1c7ce-content\/uploads\/2018\/10\/Ablaufbogen-Kitaplaetze.pdf\" target=\"_blank\" rel=\"noopener\">Ablaufbogen Bedarfsanmeldung<\/a>\u201c helfen.<\/p>\n<p>BERiD arbeitet zurzeit daran, zus\u00e4tzliche Kita-Pl\u00e4tze in Form \u201emobiler Kitas\u201c zu entwickeln. Auch daf\u00fcr werden die Schaustellerverb\u00e4nde und die \u00f6rtlichen Vereine dringend um Unterst\u00fctzung bei B\u00fcrgermeistern und Jugend\u00e4mtern gebeten.<a href=\"http:\/\/localhost\/wordpress\/wp-content\/uploads\/2018\/06\/Ablaufbogen-Kitapl\u00e4tze.pdf\"><\/a><\/p>\n<p><a href=\"http:\/\/berid.de\/wp-1c7ce-content\/uploads\/2018\/06\/Konzept-mobile-Kitas.pdf\" target=\"_blank\" rel=\"noopener\">Konzept &#8222;mobile Kitas&#8220;<\/a><\/p>\n<p>Kontakt:<\/p>\n<ul>\n<li>Prof. Eva Briedigkeit<\/li>\n<li>MR&#8217;in i.R. Birgid Oertel, Tel.: <a href=\"tel:+496190917046\">06190\/917046<\/a><\/li>\n<\/ul>\n","protected":false},"excerpt":{"rendered":"<p>Der Besuch eines Kindergartens\/einer Kindertagesst\u00e4tte ist auf der Reise schwer zu organisieren, zumal die Kita-Pl\u00e4tze an vielen Orten nicht ausreichen. Deshalb sind vor allem die \u00f6rtlichen Schaustellervereine gefordert, zusammen mit den Jugend\u00e4mtern L\u00f6sungen zu finden. Eltern sollten fr\u00fchzeitig den Gemeinden z.B. mit dem Gesch\u00e4ftsvertrag mitteilen, wie viele schulpflichtige Kinder und [&hellip;]<\/p>\n","protected":false},"author":4,"featured_media":0,"parent":0,"menu_order":0,"comment_status":"closed","ping_status":"closed","template":"","meta":{"footnotes":""},"class_list":["post-96","page","type-page","status-publish","hentry"],"_links":{"self":[{"href":"https:\/\/berid.de\/index.php?rest_route=\/wp\/v2\/pages\/96","targetHints":{"allow":["GET"]}}],"collection":[{"href":"https:\/\/berid.de\/index.php?rest_route=\/wp\/v2\/pages"}],"about":[{"href":"https:\/\/berid.de\/index.php?rest_route=\/wp\/v2\/types\/page"}],"author":[{"embeddable":true,"href":"https:\/\/berid.de\/index.php?rest_route=\/wp\/v2\/users\/4"}],"replies":[{"embeddable":true,"href":"https:\/\/berid.de\/index.php?rest_route=%2Fwp%2Fv2%2Fcomments&post=96"}],"version-history":[{"count":2,"href":"https:\/\/berid.de\/index.php?rest_route=\/wp\/v2\/pages\/96\/revisions"}],"predecessor-version":[{"id":992,"href":"https:\/\/berid.de\/index.php?rest_route=\/wp\/v2\/pages\/96\/revisions\/992"}],"wp:attachment":[{"href":"https:\/\/berid.de\/index.php?rest_route=%2Fwp%2Fv2%2Fmedia&parent=96"}],"curies":[{"name":"wp","href":"https:\/\/api.w.org\/{rel}","templated":true}]}}