{"id":70,"date":"2018-05-19T18:17:35","date_gmt":"2018-05-19T18:17:35","guid":{"rendered":"http:\/\/127.0.0.1\/wordpress\/?page_id=70"},"modified":"2020-08-09T14:27:57","modified_gmt":"2020-08-09T13:27:57","slug":"europa","status":"publish","type":"page","link":"https:\/\/berid.de\/?page_id=70","title":{"rendered":"Europa"},"content":{"rendered":"<p>Das weiterhin g\u00fcltige Grundsatzpapier aus europ\u00e4ischer Sicht ist die <a href=\"http:\/\/berid.de\/wp-1c7ce-content\/uploads\/2019\/04\/entschlie\u00dfung-schausteller-circus-EU-1989.pdf\" target=\"_blank\" rel=\"noopener\">\u201eENTSCHLIESSUNG DES RATES UND DER IM RAT VERTRETENEN BILDUNGSMINISTER ZU FRAGEN DER BILDUNG DER KINDER BERUFLICH REISENDER\u201c<\/a> vom 22. Mai 1989.<\/p>\n<p>Mit dieser Entschlie\u00dfung hat der Europ\u00e4ische Rat einen wirksamen Impuls zur Verbesserung der Bildungssituation reisender Kinder gegeben, der gerade auch in Deutschland die Bildungsbenachteiligung reisender Kinder ans Tageslicht brachte und bis jetzt zu deutlichen Verbesserungen der Bildungssituation der Kinder gef\u00fchrt hat.<\/p>\n<p>Mit den Organisationen \u201eEFECOT\u201c (EUROPEAN FEDERATION OF THE EDUCATION OF OCCUPATIONAL TRAVELLERS; 1988 \u2013 2003) und ENTE (EUROPEAN NETWORK FOR TRAVELLER EDUCATION e.V.; seit 2006) haben Verb\u00e4nde, Schulen, Vereine, Kirchen , Expert*inn*en) eine ehrenamtlich arbeitende Plattform f\u00fcr die Zivilgesellschaft geschaffen, den bildungspolitischen Dialog mit den politisch Verantwortlichen in ganz Europa, insbesondere mit dem EU-Parlament und der EU-Kommission,\u00a0 zu f\u00fchren. BERiD ist Mitglied bei ENTE e.V.<\/p>\n<p>Kontakt:<\/p>\n<p><a href=\"http:\/\/ente.education\/\" target=\"_blank\" rel=\"noopener\">http:\/\/ente.education\/<\/a><\/p>\n<p>Am 24. Juni 2020 ist der D\u00fcsseldorfer Schausteller Bruno Schmelzer verstorben, der von 1986 bis 2000 Vizevorsitzender von EFECOT war. Ein Nachruf w\u00fcrdigt an dieser Stelle sein jahrzehntelanges Engagement f\u00fcr die Bildung reisender Kinder und Jugendliche.<\/p>\n<p><a href=\"http:\/\/berid.de\/wp-1c7ce-content\/uploads\/2020\/08\/Nachruf-Bruno-Schmelter-02-08-2020.pdf\">Nachruf Bruno Schmelter<\/a><\/p>\n\n\n<p><\/p>\n","protected":false},"excerpt":{"rendered":"<p>Das weiterhin g\u00fcltige Grundsatzpapier aus europ\u00e4ischer Sicht ist die \u201eENTSCHLIESSUNG DES RATES UND DER IM RAT VERTRETENEN BILDUNGSMINISTER ZU FRAGEN DER BILDUNG DER KINDER BERUFLICH REISENDER\u201c vom 22. Mai 1989. Mit dieser Entschlie\u00dfung hat der Europ\u00e4ische Rat einen wirksamen Impuls zur Verbesserung der Bildungssituation reisender Kinder gegeben, der gerade auch [&hellip;]<\/p>\n","protected":false},"author":4,"featured_media":0,"parent":0,"menu_order":0,"comment_status":"closed","ping_status":"closed","template":"","meta":{"footnotes":""},"class_list":["post-70","page","type-page","status-publish","hentry"],"_links":{"self":[{"href":"https:\/\/berid.de\/index.php?rest_route=\/wp\/v2\/pages\/70","targetHints":{"allow":["GET"]}}],"collection":[{"href":"https:\/\/berid.de\/index.php?rest_route=\/wp\/v2\/pages"}],"about":[{"href":"https:\/\/berid.de\/index.php?rest_route=\/wp\/v2\/types\/page"}],"author":[{"embeddable":true,"href":"https:\/\/berid.de\/index.php?rest_route=\/wp\/v2\/users\/4"}],"replies":[{"embeddable":true,"href":"https:\/\/berid.de\/index.php?rest_route=%2Fwp%2Fv2%2Fcomments&post=70"}],"version-history":[{"count":6,"href":"https:\/\/berid.de\/index.php?rest_route=\/wp\/v2\/pages\/70\/revisions"}],"predecessor-version":[{"id":946,"href":"https:\/\/berid.de\/index.php?rest_route=\/wp\/v2\/pages\/70\/revisions\/946"}],"wp:attachment":[{"href":"https:\/\/berid.de\/index.php?rest_route=%2Fwp%2Fv2%2Fmedia&parent=70"}],"curies":[{"name":"wp","href":"https:\/\/api.w.org\/{rel}","templated":true}]}}