{"id":69,"date":"2018-05-19T18:17:35","date_gmt":"2018-05-19T18:17:35","guid":{"rendered":"http:\/\/127.0.0.1\/wordpress\/?page_id=69"},"modified":"2019-07-16T12:11:37","modified_gmt":"2019-07-16T11:11:37","slug":"deutschland","status":"publish","type":"page","link":"https:\/\/berid.de\/?page_id=69","title":{"rendered":"Deutschland"},"content":{"rendered":"<h3>Deutschland Konzept<\/h3>\n<p>Es gibt eine Reihe von Beschl\u00fcssen des Schulausschusses der Kultusministerkonferenz.<\/p>\n<p>Sie werden allerdings als interne Verwaltungspapiere behandelt und stehen f\u00fcr eine BERiD-Ver\u00f6ffentlichung nicht zur Verf\u00fcgung.<\/p>\n<p>&nbsp;<\/p>\n<p>Allerdings hat BERiD mit seiner \u201eCranger Erkl\u00e4rung\u201c von 2016 ein wichtiges Dokument f\u00fcr die k\u00fcnftigen Schwerpunkte der Bildungsarbeit f\u00fcr Kinder beruflich Reisender in Deutschland beschlossen.<\/p>\n","protected":false},"excerpt":{"rendered":"<p>Deutschland Konzept Es gibt eine Reihe von Beschl\u00fcssen des Schulausschusses der Kultusministerkonferenz. Sie werden allerdings als interne Verwaltungspapiere behandelt und stehen f\u00fcr eine BERiD-Ver\u00f6ffentlichung nicht zur Verf\u00fcgung. &nbsp; Allerdings hat BERiD mit seiner \u201eCranger Erkl\u00e4rung\u201c von 2016 ein wichtiges Dokument f\u00fcr die k\u00fcnftigen Schwerpunkte der Bildungsarbeit f\u00fcr Kinder beruflich Reisender [&hellip;]<\/p>\n","protected":false},"author":4,"featured_media":0,"parent":0,"menu_order":0,"comment_status":"closed","ping_status":"closed","template":"","meta":{"footnotes":""},"class_list":["post-69","page","type-page","status-publish","hentry"],"_links":{"self":[{"href":"https:\/\/berid.de\/index.php?rest_route=\/wp\/v2\/pages\/69","targetHints":{"allow":["GET"]}}],"collection":[{"href":"https:\/\/berid.de\/index.php?rest_route=\/wp\/v2\/pages"}],"about":[{"href":"https:\/\/berid.de\/index.php?rest_route=\/wp\/v2\/types\/page"}],"author":[{"embeddable":true,"href":"https:\/\/berid.de\/index.php?rest_route=\/wp\/v2\/users\/4"}],"replies":[{"embeddable":true,"href":"https:\/\/berid.de\/index.php?rest_route=%2Fwp%2Fv2%2Fcomments&post=69"}],"version-history":[{"count":1,"href":"https:\/\/berid.de\/index.php?rest_route=\/wp\/v2\/pages\/69\/revisions"}],"predecessor-version":[{"id":821,"href":"https:\/\/berid.de\/index.php?rest_route=\/wp\/v2\/pages\/69\/revisions\/821"}],"wp:attachment":[{"href":"https:\/\/berid.de\/index.php?rest_route=%2Fwp%2Fv2%2Fmedia&parent=69"}],"curies":[{"name":"wp","href":"https:\/\/api.w.org\/{rel}","templated":true}]}}