{"id":68,"date":"2018-05-19T18:17:35","date_gmt":"2018-05-19T18:17:35","guid":{"rendered":"http:\/\/127.0.0.1\/wordpress\/?page_id=68"},"modified":"2018-05-19T18:17:35","modified_gmt":"2018-05-19T18:17:35","slug":"regional","status":"publish","type":"page","link":"https:\/\/berid.de\/?page_id=68","title":{"rendered":"Regional"},"content":{"rendered":"<h3>Soester Erkl\u00e4rung<\/h3>\n<h5>zur schulischen Bildung der Kinder beruflich Reisender<\/h5>\n<p><a href=\"http:\/\/berid.de\/wp-1c7ce-content\/uploads\/2018\/05\/soester_erklaerung.pdf\" target=\"_blank\" rel=\"noopener\">Download: Soester Erkl\u00e4rung<\/a><\/p>\n<h3>Cranger Erkl\u00e4rung<\/h3>\n<p><span>Die Cranger Erkl\u00e4rung von 2016 wird f\u00fcr die n\u00e4chsten Jahre das zentrale Grundlagenpapier f\u00fcr BERiD sein. Der feierliche Zug in der Pr\u00e4ambel soll einerseits den Wert des 25-j\u00e4hrigen Jubil\u00e4ums von BERiD herausstellen, andererseits den Wert der Arbeit der vielen ehrenamtlichen Mitarbeiter von BERiD w\u00fcrdigen, die mit dem Betrieb der Hotline, der Herausgabe des Newsletters, der Entwicklung von Merkbl\u00e4ttern, der Vorbereitung der L\u00e4nderkonferenzen, der Erstellung von Arbeitspapieren, der Entwickung und Umsetzung von Projekten wie \u201eErg\u00e4nzende Lernorte\u201c, \u201eLernpaten\u201c, in der Organisation und Durchf\u00fchrung von Projektgruppen wie \u201eBundesmeldegesetz\u201c, \u201eFr\u00fche Bildung\u201c, \u201eBerufsbildung f\u00fcr Jugendliche aus Circussen\u201c besch\u00e4ftigt sind.<\/span><\/p>\n<p><a href=\"http:\/\/berid.de\/wp-1c7ce-content\/uploads\/2018\/05\/crange_2016.pdf\" target=\"_blank\" rel=\"noopener\">Download: Cranger Erkl\u00e4rung 2016<\/a><\/p>\n<p>&nbsp;<\/p>\n","protected":false},"excerpt":{"rendered":"<p>Soester Erkl\u00e4rung zur schulischen Bildung der Kinder beruflich Reisender Download: Soester Erkl\u00e4rung Cranger Erkl\u00e4rung Die Cranger Erkl\u00e4rung von 2016 wird f\u00fcr die n\u00e4chsten Jahre das zentrale Grundlagenpapier f\u00fcr BERiD sein. Der feierliche Zug in der Pr\u00e4ambel soll einerseits den Wert des 25-j\u00e4hrigen Jubil\u00e4ums von BERiD herausstellen, andererseits den Wert der [&hellip;]<\/p>\n","protected":false},"author":4,"featured_media":0,"parent":0,"menu_order":0,"comment_status":"closed","ping_status":"closed","template":"","meta":{"footnotes":""},"class_list":["post-68","page","type-page","status-publish","hentry"],"_links":{"self":[{"href":"https:\/\/berid.de\/index.php?rest_route=\/wp\/v2\/pages\/68","targetHints":{"allow":["GET"]}}],"collection":[{"href":"https:\/\/berid.de\/index.php?rest_route=\/wp\/v2\/pages"}],"about":[{"href":"https:\/\/berid.de\/index.php?rest_route=\/wp\/v2\/types\/page"}],"author":[{"embeddable":true,"href":"https:\/\/berid.de\/index.php?rest_route=\/wp\/v2\/users\/4"}],"replies":[{"embeddable":true,"href":"https:\/\/berid.de\/index.php?rest_route=%2Fwp%2Fv2%2Fcomments&post=68"}],"version-history":[{"count":0,"href":"https:\/\/berid.de\/index.php?rest_route=\/wp\/v2\/pages\/68\/revisions"}],"wp:attachment":[{"href":"https:\/\/berid.de\/index.php?rest_route=%2Fwp%2Fv2%2Fmedia&parent=68"}],"curies":[{"name":"wp","href":"https:\/\/api.w.org\/{rel}","templated":true}]}}