{"id":67,"date":"2018-05-19T18:17:35","date_gmt":"2018-05-19T18:17:35","guid":{"rendered":"http:\/\/127.0.0.1\/wordpress\/?page_id=67"},"modified":"2018-11-23T17:49:07","modified_gmt":"2018-11-23T16:49:07","slug":"partner-und-behorden","status":"publish","type":"page","link":"https:\/\/berid.de\/?page_id=67","title":{"rendered":"Partner und Beh\u00f6rden"},"content":{"rendered":"<p><em>BERiD unterst\u00fctzt Partner und partnerschaftliche Aktionen in allen Angelegenheiten der schulischen und beruflichen Bildung der Kinder von beruflich Reisenden in Deutschland und Europa.<\/em><\/p>\n<p><a href=\"http:\/\/www.komet-pirmasens.de\" target=\"_blank\" rel=\"noopener\"><strong>\u201eDer Komet\u201c<\/strong><\/a><\/p>\n<p>ist seit eh und je sehr eng mit allen Organisationen des Reisegewerbes als Informationsquelle zu allen Fragen des Schaustellergewerbes, zu Bildungsfragen, als Werbetr\u00e4ger und als ein anteilnehmendes Fachblatt verbunden.\u00a0 <a href=\"http:\/\/www.komet-pirmasens.de\/Der%20Komet\/derkometonline.html\" target=\"_blank\" rel=\"noopener\">Zur Online-Ausgabe<\/a><\/p>\n<p><a href=\"http:\/\/www.ente.nu\" target=\"_blank\" rel=\"noopener\"><strong>ENTE<\/strong><\/a><\/p>\n<p><span>Der Verein f\u00fchrt den Namen \u201eEuropean Network for Traveller Education \u2013 ENTE -\u201d mit dem Namenszusatz \u201ce.V.\u201d. Zweck des Vereins ist die F\u00f6rderung von Erziehung und Schul- und Berufsbildung f\u00fcr Kinder aus Familien beruflich Reisender, v.a. Schausteller, Circusangeh\u00f6rige und Puppenspieler, in Europa.<br \/>\n<strong>BERiD ist Gr\u00fcndungsmitglied<\/strong> von <a href=\"http:\/\/www.ente.nu\" target=\"_blank\" rel=\"noopener\">ENTE<\/a> .<\/span><\/p>\n<p><span><a href=\"http:\/\/www.ebg.de\" target=\"_blank\" rel=\"noopener\"><strong>EBG \u2013 Europ\u00e4isches Bildungswerk f\u00fcr Beruf und Gesellschaft<\/strong><\/a><br \/>\n<\/span><\/p>\n<p lang=\"de-DE\">\u00a0<span>Thomas Zimmermann, Leiter des Kompetenzzentrums Berlin des Europ\u00e4ischen Bildungswerks f\u00fcr Beruf und Gesellschaft und ausgebildeter Artist, setzt Impulse f\u00fcr die schulische und berufliche Ausbildung von Circusangeh\u00f6rigen. Dazu geh\u00f6rt\u00a0 ein verst\u00e4rkter Sportunterricht f\u00fcr Kinder aus Circusfamilien, der circensische Angebote umfassen sollte. Schon jetzt bildet das EBG Fachkr\u00e4fte in einzelnen circusspezifischen Kursen aus.<\/span><\/p>\n<p lang=\"de-DE\"><a href=\"http:\/\/www.rijdendeschool.nl\" target=\"_blank\" rel=\"noopener\"><strong>Stichting Rijdende School (NL)<\/strong><\/a><\/p>\n<p><span>Diese Spezialschule f\u00fcr Kinder beruflich Reisender in den Niederlanden ist seit 60 Jahren t\u00e4tig und hat eine beeindruckende Entwicklung genommen. In unterschiedlich gro\u00dfen Fahrzeugen, je nach Gr\u00f6\u00dfe der zu unterrichtenden Sch\u00fclergruppen, werden nicht nur niederl\u00e4ndische, sondern alle reisenden Kinder in den Niederlanden unterrichtet. F\u00fcr die deutschen Kinder hat die Schule z.B. auch eine deutsche Lehrerin eingestellt. Die Schule arbeitet eng mit den Regelschulen zusammen und stellt sich auf jedes einzelne Kind intensiv ein. Erg\u00e4nzt wird das mobile Lehrangebot durch das Fernlernprogramm \u201cSchool@ Home\u201d. Damit k\u00f6nnen auch einzelne Kinder oder kleine Kindergruppen unterichtet werden, die sonst keinen Unterricht erhalten w\u00fcrden, da die Mindestzahl f\u00fcr den Einsatz einer Lehrkraft vor Ort nicht ausreicht.<\/span><\/p>\n<p><a href=\"http:\/\/www.schule-fuer-reisende-kinder.de\" target=\"_blank\" rel=\"noopener\"><strong>Schule f\u00fcr Kinder beruflich Reisender in Hessen<\/strong><\/a><\/p>\n<p>Diese Schule kommt samt Lehrern und Klassenzimmern zu ihren Sch\u00fclern. Und sie bleibt bei ihnen, so lange sie sie brauchen. Der auf die regul\u00e4ren Lehrpl\u00e4ne abgestimmte Unterricht ber\u00fccksichtigt in besonderem Ma\u00dfe Leistungsstand und Lebensbedingungen jedes einzelnen Kindes.<\/p>\n<p><a href=\"http:\/\/www.lar-s.de\"><strong>Lernen auf Reisen-Schule \u2013 LARS<\/strong><\/a><\/p>\n<p><span>Im Regierungsbezirk Detmold, NRW,\u00a0 gibt es f\u00fcr\u00a0 mobile Sch\u00fclerinnen und Sch\u00fcler ein besonderes Bildungsangebot: die \u201eLernen auf Reisen\u201c-Schule (kurz LARS), durch die erg\u00e4nzende sowie zum Teil neue Lernangebote f\u00fcr Sch\u00fclerinnen und Sch\u00fcler auf Reisen bereitgestellt und die M\u00f6glichkeiten zu strukturiertem Lernen verbessert werden. Mit individuellen F\u00f6rderpl\u00e4nen und virtueller Verbindung zu ihren pers\u00f6nlichen Lernbegleitern in LARS \u00fcben und vertiefen die Sch\u00fclerinnen und Sch\u00fcler ihre Lernangebote.\u00a0<\/span><\/p>\n<p><span><strong><a href=\"http:\/\/www.bereichslehrer.de\/links\/frameset\/index.html\">Die Bildungsministerien der Bundesl\u00e4nder<\/a><\/strong><\/span><\/p>\n<p>BERiD und die Kultusministerien der L\u00e4nder arbeiten seit 1991 eng zusammen. Sichtbare Veranstaltung ist die j\u00e4hrliche \u201eKMK-L\u00e4nderkonferenz zu Fragen der schulischen Bildung der Kinder beruflich Reisender\u201c. Auf dieser Tagung treten die Bildungsministerien der 16 Bundesl\u00e4nder zusammen, um zwischenzeitlich aufgetauchte Probleme zu l\u00f6sen bzw. neue Entwicklungen zu beraten. In diese Beratung ist BERiD seit 1991 mit einbezogen. Dabei findet dieser Bildungs-dialog im Rahmen der Gro\u00dfveranstaltungen der Schaustellerverb\u00e4nde zu Jahresbeginn statt, um auch Eltern die Teilnahme zu erm\u00f6glichen. Vorschl\u00e4ge zu Beratungsthemen k\u00f6nnen an BERiD zur Er\u00f6rterung mit der L\u00e4nderkonferenz \u00fcbermittelt werden.<\/p>\n<p>Die Liste der Referentinnen und Referenten der Ministerien finden Sie unten.<\/p>\n<p>Kontaktperson KMK: Andrea Hermann (KMK-Sekretariat), Tel.:030-25418445<\/p>\n<p>Link: <a href=\"https:\/\/www.kmk.org\/themen\/allgemeinbildende-schulen\/individuelle-foerderung\/kinder-von-beruflich-reisenden.html\">https:\/\/www.kmk.org\/themen\/allgemeinbildende-schulen\/individuelle-foerderung\/kinder-von-beruflich-reisenden.html<\/a><\/p>\n<p><a href=\"http:\/\/berid.de\/wp-1c7ce-content\/uploads\/2018\/10\/VerzeichnisRef-beruflichReisender.pdf\" target=\"_blank\" rel=\"noopener\">Liste der zust\u00e4ndigen der zust\u00e4ndigen Referentinnen und Referenten<\/a><\/p>\n","protected":false},"excerpt":{"rendered":"<p>BERiD unterst\u00fctzt Partner und partnerschaftliche Aktionen in allen Angelegenheiten der schulischen und beruflichen Bildung der Kinder von beruflich Reisenden in Deutschland und Europa. \u201eDer Komet\u201c ist seit eh und je sehr eng mit allen Organisationen des Reisegewerbes als Informationsquelle zu allen Fragen des Schaustellergewerbes, zu Bildungsfragen, als Werbetr\u00e4ger und als [&hellip;]<\/p>\n","protected":false},"author":4,"featured_media":0,"parent":0,"menu_order":0,"comment_status":"closed","ping_status":"closed","template":"","meta":{"footnotes":""},"class_list":["post-67","page","type-page","status-publish","hentry"],"_links":{"self":[{"href":"https:\/\/berid.de\/index.php?rest_route=\/wp\/v2\/pages\/67","targetHints":{"allow":["GET"]}}],"collection":[{"href":"https:\/\/berid.de\/index.php?rest_route=\/wp\/v2\/pages"}],"about":[{"href":"https:\/\/berid.de\/index.php?rest_route=\/wp\/v2\/types\/page"}],"author":[{"embeddable":true,"href":"https:\/\/berid.de\/index.php?rest_route=\/wp\/v2\/users\/4"}],"replies":[{"embeddable":true,"href":"https:\/\/berid.de\/index.php?rest_route=%2Fwp%2Fv2%2Fcomments&post=67"}],"version-history":[{"count":5,"href":"https:\/\/berid.de\/index.php?rest_route=\/wp\/v2\/pages\/67\/revisions"}],"predecessor-version":[{"id":720,"href":"https:\/\/berid.de\/index.php?rest_route=\/wp\/v2\/pages\/67\/revisions\/720"}],"wp:attachment":[{"href":"https:\/\/berid.de\/index.php?rest_route=%2Fwp%2Fv2%2Fmedia&parent=67"}],"curies":[{"name":"wp","href":"https:\/\/api.w.org\/{rel}","templated":true}]}}