{"id":63,"date":"2018-05-19T18:17:35","date_gmt":"2018-05-19T18:17:35","guid":{"rendered":"http:\/\/127.0.0.1\/wordpress\/?page_id=63"},"modified":"2018-11-27T17:38:49","modified_gmt":"2018-11-27T16:38:49","slug":"organisation-arbeitsstruktur","status":"publish","type":"page","link":"https:\/\/berid.de\/?page_id=63","title":{"rendered":"Organisation \/ Arbeitsstruktur"},"content":{"rendered":"<p>BERiD ist ein ehrenamtlich t\u00e4tiger Verein. Seine Mitglieder sind die Berufsverb\u00e4nde, Schulen f\u00fcr reisende Kinder, die evangelische und katholische Schaustellerseeslsorge, die Vereine \u201eSchule im Circus e.V., dien Gesellschaft der Circusfreunde, das DSB-Bildungswerk und andere. Einzelpersonen k\u00f6nnen F\u00f6rdermitglieder werden. Die handelnden Personen sind Mithglieder der Berufsverb\u00e4nde oder Fachleute aus dem Schulbereich oder den Bereichen der Schulverwaltung (Ministerien, Schul\u00e4mter). Unterst\u00fctzt wird BERiD durch eine Reihe von Fachleuten aus Hochschulen, Kirche, Verwaltungen.<\/p>\n<p>Die Organisationsstruktur kann man der folgenden Skizze entnehmen.<\/p>\n<p><a href=\"http:\/\/berid.de\/wp-1c7ce-content\/uploads\/2018\/11\/Schaubild-Org-struktur-quer.pdf\" target=\"_blank\" rel=\"noopener\">Schaubild Organisationsstruktur BERiD<\/a><\/p>\n","protected":false},"excerpt":{"rendered":"<p>BERiD ist ein ehrenamtlich t\u00e4tiger Verein. Seine Mitglieder sind die Berufsverb\u00e4nde, Schulen f\u00fcr reisende Kinder, die evangelische und katholische Schaustellerseeslsorge, die Vereine \u201eSchule im Circus e.V., dien Gesellschaft der Circusfreunde, das DSB-Bildungswerk und andere. Einzelpersonen k\u00f6nnen F\u00f6rdermitglieder werden. Die handelnden Personen sind Mithglieder der Berufsverb\u00e4nde oder Fachleute aus dem Schulbereich [&hellip;]<\/p>\n","protected":false},"author":4,"featured_media":0,"parent":0,"menu_order":0,"comment_status":"closed","ping_status":"closed","template":"","meta":{"footnotes":""},"class_list":["post-63","page","type-page","status-publish","hentry"],"_links":{"self":[{"href":"https:\/\/berid.de\/index.php?rest_route=\/wp\/v2\/pages\/63","targetHints":{"allow":["GET"]}}],"collection":[{"href":"https:\/\/berid.de\/index.php?rest_route=\/wp\/v2\/pages"}],"about":[{"href":"https:\/\/berid.de\/index.php?rest_route=\/wp\/v2\/types\/page"}],"author":[{"embeddable":true,"href":"https:\/\/berid.de\/index.php?rest_route=\/wp\/v2\/users\/4"}],"replies":[{"embeddable":true,"href":"https:\/\/berid.de\/index.php?rest_route=%2Fwp%2Fv2%2Fcomments&post=63"}],"version-history":[{"count":3,"href":"https:\/\/berid.de\/index.php?rest_route=\/wp\/v2\/pages\/63\/revisions"}],"predecessor-version":[{"id":726,"href":"https:\/\/berid.de\/index.php?rest_route=\/wp\/v2\/pages\/63\/revisions\/726"}],"wp:attachment":[{"href":"https:\/\/berid.de\/index.php?rest_route=%2Fwp%2Fv2%2Fmedia&parent=63"}],"curies":[{"name":"wp","href":"https:\/\/api.w.org\/{rel}","templated":true}]}}