{"id":61,"date":"2018-05-19T18:17:35","date_gmt":"2018-05-19T18:17:35","guid":{"rendered":"http:\/\/127.0.0.1\/wordpress\/?page_id=61"},"modified":"2018-05-19T18:17:35","modified_gmt":"2018-05-19T18:17:35","slug":"uberblick-merkblatter","status":"publish","type":"page","link":"https:\/\/berid.de\/?page_id=61","title":{"rendered":"\u00dcberblick Merkbl\u00e4tter"},"content":{"rendered":"<p>Hier noch einmal unsere Merkbl\u00e4tter f\u00fcr Sie zum Download.<\/p>\n<p><a href=\"http:\/\/berid.de\/wp-1c7ce-content\/uploads\/2018\/10\/Merkblatt-1-Ausland.pdf\" target=\"_blank\" rel=\"noopener\">Merkblatt 1: Schulbesuch im Ausland<\/a><\/p>\n<p><a href=\"http:\/\/berid.de\/wp-1c7ce-content\/uploads\/2018\/10\/Merkblatt-2-E-Learning.pdf\" target=\"_blank\" rel=\"noopener\">Merkblatt 2: E-Learning<\/a><\/p>\n<p><a href=\"http:\/\/berid.de\/wp-1c7ce-content\/uploads\/2018\/10\/Merkblatt-3-Berufliche-Bildung.pdf\" target=\"_blank\" rel=\"noopener\">Merkblatt 3: Berufsschule und Ausbildung f\u00fcr reisende Jugendliche<\/a><\/p>\n<p><a href=\"http:\/\/berid.de\/wp-1c7ce-content\/uploads\/2018\/10\/Merkblatt-4-Schulanfang.pdf\" target=\"_blank\" rel=\"noopener\">Merkblatt 4: Schulanfang<\/a><\/p>\n<p><a href=\"http:\/\/berid.de\/wp-1c7ce-content\/uploads\/2018\/10\/Merkblatt-5-Mobile-Schulen.pdf\" target=\"_blank\" rel=\"noopener\">Merkblatt 5: Erg\u00e4nzende Lernorte<\/a><\/p>\n<p><a href=\"http:\/\/berid.de\/wp-1c7ce-content\/uploads\/2018\/10\/Merkblatt-6-Fruehe-Bildung.pdf\" target=\"_blank\" rel=\"noopener\">Merkblatt 6: Fr\u00fchkindliche Bildung<\/a><\/p>\n","protected":false},"excerpt":{"rendered":"<p>Hier noch einmal unsere Merkbl\u00e4tter f\u00fcr Sie zum Download. Merkblatt 1: Schulbesuch im Ausland Merkblatt 2: E-Learning Merkblatt 3: Berufsschule und Ausbildung f\u00fcr reisende Jugendliche Merkblatt 4: Schulanfang Merkblatt 5: Erg\u00e4nzende Lernorte Merkblatt 6: Fr\u00fchkindliche Bildung<\/p>\n","protected":false},"author":4,"featured_media":0,"parent":0,"menu_order":0,"comment_status":"closed","ping_status":"closed","template":"","meta":{"footnotes":""},"class_list":["post-61","page","type-page","status-publish","hentry"],"_links":{"self":[{"href":"https:\/\/berid.de\/index.php?rest_route=\/wp\/v2\/pages\/61","targetHints":{"allow":["GET"]}}],"collection":[{"href":"https:\/\/berid.de\/index.php?rest_route=\/wp\/v2\/pages"}],"about":[{"href":"https:\/\/berid.de\/index.php?rest_route=\/wp\/v2\/types\/page"}],"author":[{"embeddable":true,"href":"https:\/\/berid.de\/index.php?rest_route=\/wp\/v2\/users\/4"}],"replies":[{"embeddable":true,"href":"https:\/\/berid.de\/index.php?rest_route=%2Fwp%2Fv2%2Fcomments&post=61"}],"version-history":[{"count":0,"href":"https:\/\/berid.de\/index.php?rest_route=\/wp\/v2\/pages\/61\/revisions"}],"wp:attachment":[{"href":"https:\/\/berid.de\/index.php?rest_route=%2Fwp%2Fv2%2Fmedia&parent=61"}],"curies":[{"name":"wp","href":"https:\/\/api.w.org\/{rel}","templated":true}]}}