{"id":59,"date":"2018-05-19T18:17:35","date_gmt":"2018-05-19T18:17:35","guid":{"rendered":"http:\/\/127.0.0.1\/wordpress\/?page_id=59"},"modified":"2026-04-17T10:06:48","modified_gmt":"2026-04-17T09:06:48","slug":"elternhotline","status":"publish","type":"page","link":"https:\/\/berid.de\/?page_id=59","title":{"rendered":"Elternhotline"},"content":{"rendered":"<div class=\"art-postcontent\">\n<h5><span><u>BERiD-Hotline<strong> f\u00fcr Bildungsfragen<\/strong><\/u><\/span><\/h5>\n<h3>0179 532 77 19 \u00a0<strong> \u00a0 \u00a0 \u00a0 \u00a0 \u00a0 Helga Sinner<\/strong><\/h3>\n<ul>\n<li>Wo finde ich f\u00fcr mein Kind eine Schule? Wie muss ich vorgehen?<\/li>\n<li>Wo bekomme ich ein Schultagebuch?<\/li>\n<li>Wer hilft unserem Kind bei den Hausaufgaben?<\/li>\n<li>Kann mein Kind F\u00f6rderunterricht bekommen?<\/li>\n<li>Wie komme ich an den Namen und die Telefonnummer der zust\u00e4ndigen Bereichslehrkraft?<\/li>\n<\/ul>\n<p>Das sind einige von vielen Fragen, die beruflich reisende Eltern haben. Meistens k\u00f6nnen die Stammschule oder die Bereichslehrkr\u00e4fte weiterhelfen. Es gibt aber Situationen, in denen keine Bereichslehrkraft vorhandent oder die Stammschule nicht erreichbar ist.<\/p>\n<p>F\u00fcr diese und viele andere Bildungsfragen hat BERiD eine Telefon-Hotline f\u00fcr Eltern, Sch\u00fclerinnen und Sch\u00fcler, Bereichslehrkr\u00e4fte und andere Interessierte eingerichtet.<\/p>\n<p>Anrufe zur BERiD-Hotline kommen aus dem ganzen Bundesgebiet.<\/p>\n<\/div>\n","protected":false},"excerpt":{"rendered":"<p>BERiD-Hotline f\u00fcr Bildungsfragen 0179 532 77 19 \u00a0 \u00a0 \u00a0 \u00a0 \u00a0 \u00a0 Helga Sinner Wo finde ich f\u00fcr mein Kind eine Schule? Wie muss ich vorgehen? Wo bekomme ich ein Schultagebuch? Wer hilft unserem Kind bei den Hausaufgaben? Kann mein Kind F\u00f6rderunterricht bekommen? Wie komme ich an den Namen [&hellip;]<\/p>\n","protected":false},"author":4,"featured_media":0,"parent":0,"menu_order":0,"comment_status":"closed","ping_status":"closed","template":"","meta":{"footnotes":""},"class_list":["post-59","page","type-page","status-publish","hentry"],"_links":{"self":[{"href":"https:\/\/berid.de\/index.php?rest_route=\/wp\/v2\/pages\/59","targetHints":{"allow":["GET"]}}],"collection":[{"href":"https:\/\/berid.de\/index.php?rest_route=\/wp\/v2\/pages"}],"about":[{"href":"https:\/\/berid.de\/index.php?rest_route=\/wp\/v2\/types\/page"}],"author":[{"embeddable":true,"href":"https:\/\/berid.de\/index.php?rest_route=\/wp\/v2\/users\/4"}],"replies":[{"embeddable":true,"href":"https:\/\/berid.de\/index.php?rest_route=%2Fwp%2Fv2%2Fcomments&post=59"}],"version-history":[{"count":10,"href":"https:\/\/berid.de\/index.php?rest_route=\/wp\/v2\/pages\/59\/revisions"}],"predecessor-version":[{"id":986,"href":"https:\/\/berid.de\/index.php?rest_route=\/wp\/v2\/pages\/59\/revisions\/986"}],"wp:attachment":[{"href":"https:\/\/berid.de\/index.php?rest_route=%2Fwp%2Fv2%2Fmedia&parent=59"}],"curies":[{"name":"wp","href":"https:\/\/api.w.org\/{rel}","templated":true}]}}