{"id":459,"date":"2018-09-20T12:43:51","date_gmt":"2018-09-20T11:43:51","guid":{"rendered":"http:\/\/berid.cloudaccess.host\/?page_id=459"},"modified":"2018-09-20T12:43:51","modified_gmt":"2018-09-20T11:43:51","slug":"informell-erworbene-kompetenzen","status":"publish","type":"page","link":"https:\/\/berid.de\/?page_id=459","title":{"rendered":"Informell erworbene Kompetenzen"},"content":{"rendered":"<p>Schaustellerkinder werden in Familie und Betrieb gro\u00df. Sie erwerben im Vergleich zu ihren sesshaften Altersgenossen zahlreiche zus\u00e4tzliche Kompetenzen und \u00fcben sie in berufliche Abl\u00e4ufe ein. Bislang sind diese informell erworbenen Kompetenzen im schulischen und berufsschulischen Kontext unber\u00fccksichtigt geblieben. Es k\u00f6nnte auch aus Gerechtigkeitsgr\u00fcnden an dieser Stelle f\u00fcr Schaustellerkinder ein Vorteil definiert werden, der sich aus der Symbiose von famili\u00e4rem und beruflichem Zusammenleben ergibt \u2013 \u00e4hnlich, wie bei anderen kleinen Familienbetrieben, in deren Abl\u00e4ufe Kinder auch von klein auf eingebunden werden.<br \/>\n<strong>Beispiel<\/strong><br \/>\n<strong>Die Sch\u00fcler und Sch\u00fclerinnen sind in der Lage,<\/strong><br \/>\n<strong>Ware zu beschaffen und dabei \u00f6konomische, rechtliche und \u00f6kologische Aspekte zu ber\u00fccksichtigen:<\/strong><br \/>\n<strong>\u00d6konomische Aspekte:<\/strong><br \/>\nMengen, Lagerm\u00f6glichkeit, Haltbarkeit, Boni, Skonti, Rabatte, verf\u00fcgbare Geldmittel, Zahlungsbedingungen, Umschlaggeschwindigkeit\u2026..<br \/>\n<strong>rechtliche Aspekte<\/strong><br \/>\nHygiene, Gew\u00e4hrleistung, Gesundheit, Vertragsabwicklung (m\u00fcndl., schriftlich, elektronisch, Fax..), Vertrags- und Handelsrecht, Steuerrecht\u2026\u2026\u2026\u2026\u2026..<br \/>\n<strong>\u00f6kologische Aspekte<\/strong><br \/>\nEntsorgung, Herkunft, Herstellungsverfahren, Umweltbelastungen (Umweltbilanz), Gesetze, Verordnungen\u2026\u2026\u2026\u2026\u2026\u2026\u2026\u2026..<br \/>\n<strong>Kommentar:<\/strong><br \/>\nDieser Kompetenzbereich geh\u00f6rt hinsichtlich seiner Basisabl\u00e4ufe insbesondere in den kaufm\u00e4nnisch orientierten Schaustellerbetrieben zum Alltagswissen der Kinder und Jugendlichen.<br \/>\nWare zu beschaffen, ist f\u00fcr jeden Schausteller der Kern des Gesch\u00e4ftserfolgs. Dieser Kompetenzbereich kann deutlich machen, \u00fcber welche Kompetenzen Schausteller in der Regel in diesem Bereich von Kindes Beinen an verf\u00fcgen.<br \/>\nNat\u00fcrlich m\u00fcssen viele Teilbereiche mit differenziertem Wissen unterlegt werden. Das w\u00e4re Aufgabe entsprechender Lerneinheiten.<\/p>\n","protected":false},"excerpt":{"rendered":"<p>Schaustellerkinder werden in Familie und Betrieb gro\u00df. Sie erwerben im Vergleich zu ihren sesshaften Altersgenossen zahlreiche zus\u00e4tzliche Kompetenzen und \u00fcben sie in berufliche Abl\u00e4ufe ein. Bislang sind diese informell erworbenen Kompetenzen im schulischen und berufsschulischen Kontext unber\u00fccksichtigt geblieben. Es k\u00f6nnte auch aus Gerechtigkeitsgr\u00fcnden an dieser Stelle f\u00fcr Schaustellerkinder ein Vorteil [&hellip;]<\/p>\n","protected":false},"author":4,"featured_media":0,"parent":0,"menu_order":0,"comment_status":"closed","ping_status":"closed","template":"","meta":{"footnotes":""},"class_list":["post-459","page","type-page","status-publish","hentry"],"_links":{"self":[{"href":"https:\/\/berid.de\/index.php?rest_route=\/wp\/v2\/pages\/459","targetHints":{"allow":["GET"]}}],"collection":[{"href":"https:\/\/berid.de\/index.php?rest_route=\/wp\/v2\/pages"}],"about":[{"href":"https:\/\/berid.de\/index.php?rest_route=\/wp\/v2\/types\/page"}],"author":[{"embeddable":true,"href":"https:\/\/berid.de\/index.php?rest_route=\/wp\/v2\/users\/4"}],"replies":[{"embeddable":true,"href":"https:\/\/berid.de\/index.php?rest_route=%2Fwp%2Fv2%2Fcomments&post=459"}],"version-history":[{"count":0,"href":"https:\/\/berid.de\/index.php?rest_route=\/wp\/v2\/pages\/459\/revisions"}],"wp:attachment":[{"href":"https:\/\/berid.de\/index.php?rest_route=%2Fwp%2Fv2%2Fmedia&parent=459"}],"curies":[{"name":"wp","href":"https:\/\/api.w.org\/{rel}","templated":true}]}}