{"id":456,"date":"2018-09-20T12:43:51","date_gmt":"2018-09-20T11:43:51","guid":{"rendered":"http:\/\/berid.cloudaccess.host\/?page_id=456"},"modified":"2018-09-20T12:43:51","modified_gmt":"2018-09-20T11:43:51","slug":"teilnehmerorganisation","status":"publish","type":"page","link":"https:\/\/berid.de\/?page_id=456","title":{"rendered":"Teilnehmerorganisation"},"content":{"rendered":"<p><strong>ETT EDU \u2013 Teilnehmerorganisationen und Projektpartner<\/strong><\/p>\n<p>BEKOSCH Herne<br \/>\nBEKOSCH Nidda<br \/>\nBEKOSCH Neum\u00fcnster<br \/>\nBerufskolleg f\u00fcr Wirtschaft und Verwaltung, Herne<br \/>\nBezirksregierung Detmold<br \/>\nBezirksregierung Arnsberg<br \/>\nBundesverband Deutscher Schausteller und Marktkaufleute e.V.<br \/>\nDeutscher Schaustellerbund<br \/>\nEUROPEAN NETWORK for TRAVELLER EDUCATION<br \/>\nEurop\u00e4ische Schaustellerunion<br \/>\nBildungsnetz F\u00f6rderung: Individuell (BFI e.V.), G\u00fctersloh<br \/>\nFriedrich-List-Berufskolleg, Herford<br \/>\nGloucestershire-College, Gloucester<br \/>\nHessisches Kultusministerium<br \/>\nLP JCA Peltier, Ham<br \/>\nRuhruniversit\u00e4t Bochum<br \/>\nSchule f\u00fcr Circuskinder NRW<\/p>\n","protected":false},"excerpt":{"rendered":"<p>ETT EDU \u2013 Teilnehmerorganisationen und Projektpartner BEKOSCH Herne BEKOSCH Nidda BEKOSCH Neum\u00fcnster Berufskolleg f\u00fcr Wirtschaft und Verwaltung, Herne Bezirksregierung Detmold Bezirksregierung Arnsberg Bundesverband Deutscher Schausteller und Marktkaufleute e.V. Deutscher Schaustellerbund EUROPEAN NETWORK for TRAVELLER EDUCATION Europ\u00e4ische Schaustellerunion Bildungsnetz F\u00f6rderung: Individuell (BFI e.V.), G\u00fctersloh Friedrich-List-Berufskolleg, Herford Gloucestershire-College, Gloucester Hessisches Kultusministerium LP [&hellip;]<\/p>\n","protected":false},"author":4,"featured_media":0,"parent":0,"menu_order":0,"comment_status":"closed","ping_status":"closed","template":"","meta":{"footnotes":""},"class_list":["post-456","page","type-page","status-publish","hentry"],"_links":{"self":[{"href":"https:\/\/berid.de\/index.php?rest_route=\/wp\/v2\/pages\/456","targetHints":{"allow":["GET"]}}],"collection":[{"href":"https:\/\/berid.de\/index.php?rest_route=\/wp\/v2\/pages"}],"about":[{"href":"https:\/\/berid.de\/index.php?rest_route=\/wp\/v2\/types\/page"}],"author":[{"embeddable":true,"href":"https:\/\/berid.de\/index.php?rest_route=\/wp\/v2\/users\/4"}],"replies":[{"embeddable":true,"href":"https:\/\/berid.de\/index.php?rest_route=%2Fwp%2Fv2%2Fcomments&post=456"}],"version-history":[{"count":0,"href":"https:\/\/berid.de\/index.php?rest_route=\/wp\/v2\/pages\/456\/revisions"}],"wp:attachment":[{"href":"https:\/\/berid.de\/index.php?rest_route=%2Fwp%2Fv2%2Fmedia&parent=456"}],"curies":[{"name":"wp","href":"https:\/\/api.w.org\/{rel}","templated":true}]}}