{"id":27,"date":"2018-05-19T17:58:48","date_gmt":"2018-05-19T17:58:48","guid":{"rendered":"http:\/\/berid.cloudaccess.host\/?page_id=27"},"modified":"2026-04-17T10:38:57","modified_gmt":"2026-04-17T09:38:57","slug":"home","status":"publish","type":"page","link":"https:\/\/berid.de\/","title":{"rendered":"Home"},"content":{"rendered":"\n<p><span class=\"spfaq-shortcode-preview\"><style type=\"text\/css\">.easingslider-682 { width: 100%; }.easingslider-682 .easingslider-image { max-height: 300px; max-width: 1200px; }.easingslider-682 .easingslider-fade-in, .easingslider-fade-out { -webkit-animation-duration: 2000ms; -moz-animation-duration: 2000ms; animation-duration: 2000ms; }<\/style><script type=\"text\/javascript\">window.EasingSlider682 = {\"width\":1200,\"height\":300,\"singleItem\":true,\"items\":1,\"itemsDesktop\":false,\"itemsDesktopSmall\":false,\"itemsTablet\":false,\"itemsTabletSmall\":false,\"itemsMobile\":false,\"responsive\":true,\"lazyLoad\":false,\"autoPlay\":10000,\"slideSpeed\":2000,\"navigation\":true,\"navigationText\":[\"\",\"\"],\"pagination\":true,\"autoHeight\":false,\"mouseDrag\":false,\"touchDrag\":false,\"addClassActive\":true,\"transitionStyle\":\"fade\"};<\/script><div data-id=\"682\" class=\"easingslider easingslider-682 easingslider-container easingslider-full-width easingslider-resizing-enabled easingslider-aspect-ratio easingslider-arrows-inside easingslider-pagination-inside easingslider-pagination-bottom-center\"><div class=\"easingslider-slide\"><img decoding=\"async\" src=\"https:\/\/berid.de\/wp-1c7ce-content\/uploads\/2018\/09\/KettenK-BG-Darkblue-1200x300.png\" alt=\"\" title=\"\" class=\"easingslider-image\" \/><\/div><div class=\"easingslider-slide\"><img decoding=\"async\" src=\"https:\/\/berid.de\/wp-1c7ce-content\/uploads\/2018\/09\/circus-366142_1920-1200x300.png\" alt=\"\" title=\"\" class=\"easingslider-image\" \/><\/div><\/div><\/span><\/p>\n\n\n\n<p>Verband zur F\u00f6rderung der schulischen Bildung und Erziehung von Kindern der Angeh\u00f6rigen reisender Berufsgruppen in Deutschland e.V.<\/p>\n\n\n\n<p><a href=\"http:\/\/schule-unterwegs.de\/\">Termine und Aktuelles<\/a><\/p>\n\n\n\n<p><a href=\"http:\/\/berid.de\/?page_id=59\" target=\"_blank\" rel=\"noopener\">Elternhotline<\/a><\/p>\n\n\n\n<p><a href=\"https:\/\/www.schule-unterwegs.de\/schultagebuch-diglu\/\">Schultagebuch<\/a><\/p>\n\n\n\n<p><a href=\"https:\/\/www.schule-unterwegs.de\/wp-content\/uploads\/2026\/03\/26-03-16-Version-A-Handreichung-KbR-fuer-download-auf-Webseiten-1.pdf\">Leben und Lernen auf der Reise (Handreichung)<\/a><\/p>\n\n\n\n<p><a href=\"http:\/\/www.bereichslehrer.de\/\" target=\"_blank\" rel=\"noopener\">Bereichslehrer*innen<\/a><\/p>\n\n\n\n<h1 class=\"wp-block-heading art-postheader\">Wer wir sind und was wir wollen<\/h1>\n\n\n\n<div class=\"art-postcontent\">\n<p>&nbsp;<span>BERiD wurde im Jahr 1991 als deutsches Gegenst\u00fcck zu EFECOT (1988) gegr\u00fcndet, um die von der EU mit der Resolution vom 22. Mai 1989 geforderten Ma\u00dfnahmen zur Verbesserung der Bildungssituation der reisenden Kinder und Jugendlichen zu initiieren und zu realisieren. <\/span><\/p>\n<p><span>Das deutsche Bildungssystem zeigt sich nicht mit einem einheitlichen Gesicht, sondern ist gekennzeichnet durch die Bildungs- und Kulturhoheit der 16 L\u00e4nder der Bundesrepublik Deutschland. Das bedeutet f\u00fcr BERiD, dass es in Bildungsfragen keinen zentralen Ansprechpartner, sondern immer nur einen, mehrere oder alle Kultusminister, dann im Rahmen der Kultusministerkonferenz, gibt, die einzeln oder gemeinsam angesprochen werden m\u00fcssen. Dies fordert einer ehrenamtlich strukturierten Organisation wie BERiD einen erheblichen Mehraufwand im Blick auf Gespr\u00e4che, Konferenzen, Vereinbarungen, Protokolle und Schriftverkehr mit den L\u00e4ndern ab. <\/span><\/p>\n<p><span>Hinzu kommt, dass BERiD sich auch als Dienstleister seiner Mitglieder, f\u00fcr Eltern, mobile Schulen und Bereichslehrkr\u00e4fte versteht. BERiD vertritt ihre Interessen z.B. in der Vorbereitung, Durchf\u00fchrung und Nachbereitung der j\u00e4hrlichen L\u00e4nderkonferenz der Referentinnen und Referenten der Kultusministerien, sowohl in der Gemeinsamen Konferenz der Ministerien mit Eltern und Verb\u00e4nden als auch w\u00e4hrend des laufenden Jahres als sachkundiger Gespr\u00e4chspartner. <\/span><\/p>\n<p><span>BERiD ist Impulsgeber, Konzeptentwickler und implementiert Startphasen von Aktionen und Projekten. Danach sollen die beteiligten Personen und Organisationen m\u00f6glichst eigenst\u00e4ndig weiter arbeiten. Nat\u00fcrlich gibt es zentrale Angebote wie diese Website, die Newsletter, Merkbl\u00e4tter zu Themenschwerpunkten, die aber immer auch auf die L\u00e4nderinteressen eingehen bzw. die spezifischen Situationen der L\u00e4nder mitbedenken m\u00fcssen.<\/span><\/p>\n<p><span>BERiD bezieht seinen Sachverstand insbesondere daraus, dass sich viele im Bereich der Bildung beruflich Reisender aktive Verantwortungstr\u00e4ger als auch erfahrene Pers\u00f6nlichkeiten aus der Schulaufsicht oder den Ministerien \u2013 vor allem als engagierte Ruhest\u00e4ndler \u2013 in die BERiD-Arbeit einbringen. Au\u00dferdem hat BERiD einen Beirat, in dem P\u00e4dagogik, Wissenschaft, Jurisprudenz und Kirchenbezug repr\u00e4sentiert sind.<\/span><\/p>\n<\/div>\n","protected":false},"excerpt":{"rendered":"<p>Verband zur F\u00f6rderung der schulischen Bildung und Erziehung von Kindern der Angeh\u00f6rigen reisender Berufsgruppen in Deutschland e.V. Termine und Aktuelles Elternhotline Schultagebuch Leben und Lernen auf der Reise (Handreichung) Bereichslehrer*innen Wer wir sind und was wir wollen &nbsp;BERiD wurde im Jahr 1991 als deutsches Gegenst\u00fcck zu EFECOT (1988) gegr\u00fcndet, um [&hellip;]<\/p>\n","protected":false},"author":4,"featured_media":0,"parent":0,"menu_order":0,"comment_status":"closed","ping_status":"closed","template":"","meta":{"footnotes":""},"class_list":["post-27","page","type-page","status-publish","hentry"],"_links":{"self":[{"href":"https:\/\/berid.de\/index.php?rest_route=\/wp\/v2\/pages\/27","targetHints":{"allow":["GET"]}}],"collection":[{"href":"https:\/\/berid.de\/index.php?rest_route=\/wp\/v2\/pages"}],"about":[{"href":"https:\/\/berid.de\/index.php?rest_route=\/wp\/v2\/types\/page"}],"author":[{"embeddable":true,"href":"https:\/\/berid.de\/index.php?rest_route=\/wp\/v2\/users\/4"}],"replies":[{"embeddable":true,"href":"https:\/\/berid.de\/index.php?rest_route=%2Fwp%2Fv2%2Fcomments&post=27"}],"version-history":[{"count":7,"href":"https:\/\/berid.de\/index.php?rest_route=\/wp\/v2\/pages\/27\/revisions"}],"predecessor-version":[{"id":989,"href":"https:\/\/berid.de\/index.php?rest_route=\/wp\/v2\/pages\/27\/revisions\/989"}],"wp:attachment":[{"href":"https:\/\/berid.de\/index.php?rest_route=%2Fwp%2Fv2%2Fmedia&parent=27"}],"curies":[{"name":"wp","href":"https:\/\/api.w.org\/{rel}","templated":true}]}}