{"id":146,"date":"2018-05-19T18:35:14","date_gmt":"2018-05-19T18:35:14","guid":{"rendered":"http:\/\/127.0.0.1\/wordpress\/?page_id=146"},"modified":"2020-01-29T16:58:14","modified_gmt":"2020-01-29T15:58:14","slug":"mitgliedsverbande-vereine-liste","status":"publish","type":"page","link":"https:\/\/berid.de\/?page_id=146","title":{"rendered":"Mitgliedsverb\u00e4nde\/-vereine Liste Schulen\/Kirchen"},"content":{"rendered":"<p><strong><a href=\"http:\/\/bildungsnetz-sfc.de\">Bildungsnetz Circusschule e.V.<\/a><\/strong><br \/>\ninfo@bildungsnetz-sfc.de<\/p>\n<p><strong><a href=\"http:\/\/bereichslehrer.de\">BrD e.V.<\/a><br \/>\n<\/strong><\/p>\n<p><img loading=\"lazy\" decoding=\"async\" src=\"\/wordpress\/wp-content\/uploads\/2018\/05\/logo_langtext-300x300.jpg\" alt=\"\" class=\"alignnone wp-image-269 size-full\" width=\"300\" height=\"300\" srcset=\"https:\/\/berid.de\/wp-1c7ce-content\/uploads\/2018\/05\/logo_langtext-300x300.jpg 300w, https:\/\/berid.de\/wp-1c7ce-content\/uploads\/2018\/05\/logo_langtext-300x300-150x150.jpg 150w\" sizes=\"auto, (max-width: 300px) 100vw, 300px\" \/><\/p>\n<p><span>Zweck des Vereins ist die Erziehung, Volks- und Berufsbildung mit der Zielsetzung, die<\/span><br \/>\n<span>Schulbildung und Erziehung von reisenden Sch\u00fclerinnen und Sch\u00fclern zu f\u00f6rdern, d. h. jene<\/span><br \/>\n<span>Sch\u00fclergruppe, die zum Aufgabenfeld der Bereichslehrkr\u00e4fte geh\u00f6rt. Das k\u00f6nnen je nach<\/span><br \/>\n<span>Bundesland und Arbeitsbezirk u.a. Kinder aus Circusfamilien, Schaustellerkinder, Kinder von<\/span><br \/>\n<span>Korbflechtern, Puppenspielern, Boxbuden, Autoshows und reisenden Sinti sein.<\/span><br \/>\n<span>Zweck des Vereins ist die Erziehung, Volks- und Berufsbildung mit der Zielsetzung, die<\/span><br \/>\n<span>Schulbildung und Erziehung von reisenden Sch\u00fclerinnen und Sch\u00fclern zu f\u00f6rdern, d. h. jene<\/span><br \/>\n<span>Sch\u00fclergruppe, die zum Aufgabenfeld der Bereichslehrkr\u00e4fte geh\u00f6rt. Das k\u00f6nnen je nach<\/span><br \/>\n<span>Bundesland und Arbeitsbezirk u.a. Kinder aus Circusfamilien, Schaustellerkinder, Kinder von<\/span><br \/>\n<span>Korbflechtern, Puppenspielern, Boxbuden, Autoshows und reisenden Sinti sein.<\/span><br \/>\n<span>brd.ev@bereichslehrer.de<\/span><\/p>\n<p><a href=\"http:\/\/www.bsmev.de\"><strong>Bundesverband Deutscher Schausteller und Marktkaufleute e.V. (BSM)<\/strong><\/a><br \/>\ninfo@bsmev.de<\/p>\n<p><a href=\"http:\/\/www.dsbev.de\"><strong>Deutscher Schaustellerbund e.V. (DSB)<\/strong><\/a><br \/>\nmail@dsbev.de<\/p>\n<p>Beide Dachverb\u00e4nde der Schausteller und Marktkaufleute haben sich seit Jahren in vielen Projekten und Aktionen zur Gestaltung und F\u00f6rderung der Bildung reisender Kinder und Jugendlicher aktiv beteiligt.<\/p>\n<p><a href=\"https:\/\/www.dieetage.de\/de\/\"><strong>Die Etage, Berufsfachschule f\u00fcr Artistik (Erg\u00e4nzungsschule), Berlin<\/strong><\/a><\/p>\n<p><a href=\"http:\/\/schule-unterwegs.de\/?p=1283\"><strong>F\u00f6rderverein f\u00fcr Kinder- und Jugendliche beruflich reisender Eltern in Niedersachsen<\/strong><\/a><br \/>\nsandra-wolf11@web.de<\/p>\n<p><a href=\"http:\/\/www.circusfreunde.org\"><strong>Gesellschaft der Circusfreunde e.V. (GCD)<span>\u00a0<\/span><\/strong><\/a><br \/>\nDas Bindeglied, das alle Circusbegeisterten \u00fcber regionale Aktivit\u00e4ten hinaus verbindet, ist die CIRCUS ZEITUNG die von der GCD herausgegeben wird. Sie erscheint monatlich und wird von Circusfreunden f\u00fcr Circusfreunde geschrieben. Mitglieder erhalten sie monatlich kostenlos. Sie wird auch in vielen Circussen intensiv gelesen und gilt mittlerweile als bedeutendste Circus-Zeitschrift Europas. Zum Inhalt geh\u00f6ren aktuelle Programmbesprechungen ebenso wie Hintergrundberichte, Artistenportr\u00e4ts, Gastspieltermine, Meldungen aus der Circusszene und Berichte aus dem Vereinsleben der GCD.<\/p>\n<p><a href=\"https:\/\/ev-css.de\"><strong>Circus- und Schaustellerseelsorge der Evangelischen Kirche Deutschland<\/strong><\/a><\/p>\n<p><a href=\"http:\/\/kath-css.de\"><strong>Kath. Circus- und Schaustellerseelsorge im Auftrag der Deutschen Bischofskonferenz<\/strong><\/a><\/p>\n<p><a href=\"http:\/\/www.schulefuercircuskinder.de\"><strong>Schule f\u00fcr Circuskinder in Nordrhein-Westfalen<\/strong><\/a><br \/>\ncircusschule.nw@t-online.de<br \/>\nDie Schule f\u00fcr Circuskinder unterrichtet ihre Sch\u00fclerinnen und Sch\u00fcler in kleinen in Nordrhein-Westfalen verstreuten Klasseneinheiten auf R\u00e4dern. Diese werden entweder von einem Circus mitgezogen oder die vor Ort unterrichtende Lehrkraft f\u00e4hrt mit ihrem rollenden Schulmobil selbst dorthin.<br \/>\nUnterrichtlich betreut werden Sch\u00fclerinnen und Sch\u00fcler von der vorgezogenen Schuleingangsklasse bis zu den Abschl\u00fcssen der Sekundarstufe I.<br \/>\nZu Abi-online NRW gibt es Kontakte. Diese Gegebenheiten erm\u00f6glichen ein durchg\u00e4ngiges Konzept und eine sehr individuelle Betreuung und Beratung von Sch\u00fclerinnen und Sch\u00fclern bei der Entwicklung ihres pers\u00f6nlichen Lernprofils und einer schulischen Betreuung bis hin zum Abitur.<\/p>\n<p><strong><a href=\"http:\/\/www.bereichslehrer.de\">Schule im Circus e.V.<\/a><\/strong><br \/>\nmismail@t-online.de<\/p>\n","protected":false},"excerpt":{"rendered":"<p>Bildungsnetz Circusschule e.V. info@bildungsnetz-sfc.de BrD e.V. Zweck des Vereins ist die Erziehung, Volks- und Berufsbildung mit der Zielsetzung, die Schulbildung und Erziehung von reisenden Sch\u00fclerinnen und Sch\u00fclern zu f\u00f6rdern, d. h. jene Sch\u00fclergruppe, die zum Aufgabenfeld der Bereichslehrkr\u00e4fte geh\u00f6rt. Das k\u00f6nnen je nach Bundesland und Arbeitsbezirk u.a. Kinder aus Circusfamilien, [&hellip;]<\/p>\n","protected":false},"author":4,"featured_media":0,"parent":0,"menu_order":0,"comment_status":"closed","ping_status":"closed","template":"","meta":{"footnotes":""},"class_list":["post-146","page","type-page","status-publish","hentry"],"_links":{"self":[{"href":"https:\/\/berid.de\/index.php?rest_route=\/wp\/v2\/pages\/146","targetHints":{"allow":["GET"]}}],"collection":[{"href":"https:\/\/berid.de\/index.php?rest_route=\/wp\/v2\/pages"}],"about":[{"href":"https:\/\/berid.de\/index.php?rest_route=\/wp\/v2\/types\/page"}],"author":[{"embeddable":true,"href":"https:\/\/berid.de\/index.php?rest_route=\/wp\/v2\/users\/4"}],"replies":[{"embeddable":true,"href":"https:\/\/berid.de\/index.php?rest_route=%2Fwp%2Fv2%2Fcomments&post=146"}],"version-history":[{"count":4,"href":"https:\/\/berid.de\/index.php?rest_route=\/wp\/v2\/pages\/146\/revisions"}],"predecessor-version":[{"id":877,"href":"https:\/\/berid.de\/index.php?rest_route=\/wp\/v2\/pages\/146\/revisions\/877"}],"wp:attachment":[{"href":"https:\/\/berid.de\/index.php?rest_route=%2Fwp%2Fv2%2Fmedia&parent=146"}],"curies":[{"name":"wp","href":"https:\/\/api.w.org\/{rel}","templated":true}]}}