{"id":118,"date":"2018-05-19T18:23:52","date_gmt":"2018-05-19T18:23:52","guid":{"rendered":"http:\/\/127.0.0.1\/wordpress\/?page_id=118"},"modified":"2020-01-29T16:41:23","modified_gmt":"2020-01-29T15:41:23","slug":"projektgruppe-berufsbildung-fur-jugendliche-in-circussen","status":"publish","type":"page","link":"https:\/\/berid.de\/?page_id=118","title":{"rendered":"Projektgruppe &#8222;Berufsbildung f\u00fcr Jugendliche in Circussen&#8220;"},"content":{"rendered":"<p>F\u00fcr Jugendliche aus Circussen gibt es bislang nur \u00f6rtlich begrenzte M\u00f6glichkeiten, eine Berufsausbildung zu absolvieren. In der Regel ist eine Berufsausbildung mit der mobilen Lebensweise schwer in Einklang zu bringen.<\/p>\n<p>BERiD hat eine Projektgruppe gegr\u00fcndet, die mehr M\u00f6glichkeiten bietet, Berufsausbildungsangebote zu finden und diese in einer Handreichung zu dokumentieren.<\/p>\n<p>Zur Zeit liegt eine Handreichung als Zwischenbilanz vor, die bereits mehrere M\u00f6glichkeiten f\u00fcr Berufsausbildungen f\u00fcr diese Gruppe von Jugendlichen vorstellt.<\/p>\n<p><a href=\"http:\/\/berid.de\/wp-1c7ce-content\/uploads\/2018\/10\/Handreichung-Berufsbildung-Circus.pdf\" target=\"_blank\" rel=\"noopener\">Handreichung Berufsbildung f\u00fcr Jugendliche aus Circussen<\/a><\/p>\n<p>Das Ergebnis der Arbeitsgruppe liegt mittlerweile in Form eines <a href=\"http:\/\/berid.de\/wp-1c7ce-content\/uploads\/2019\/11\/Abgestimmtes-Protokoll-zum-Gepspr\u00e4ch-MAGS-MSB-BERiD-17.7.19.pdf\">abgestimmten Protokolls der Arbeitsgruppe<\/a> von Juli 2019 vor.<\/p>\n<p>F\u00fcr die L\u00e4nderkonferenz der KMK im Januar 2020 wurde ein <a href=\"http:\/\/berid.de\/wp-1c7ce-content\/uploads\/2020\/01\/Kurzbericht-BO-Circus-f\u00fcr-L\u00e4nderkonferenz-Jan-2020.docx\">zusammenfassender Kurzbericht<\/a> zur Lage der Berufsausbildung von Circusjugendlichen vorgelegt.<\/p>\n<p>Mitglieder der Projektgruppe sind folgende Personen bzw. Organisationen:<\/p>\n<ul>\n<li>Ltd. Reg.-schuldirektor Alfred A\u00dfmann, Warstein, (Leitung)<\/li>\n<li>OStR Franz-Josef Berkenk\u00f6tter, Mulvany-Berufskolleg, Herne<\/li>\n<li>Ann Kathin Bichlmayer, Circus Manegentraum, Fr\u00f6ndenberg<\/li>\n<li>Joeline Bichlmayer, Circus Manegentraum<\/li>\n<li>Gerd Burmeister, F\u00f6rderverein Bildungsnetz Circusschule, Hilden<\/li>\n<li>Christoph Degener, Bereichslehrer, Soest<\/li>\n<li>Torsten Heinrich, Leiter Ev. Circus- und Schaustellerseesorge, Witzenhausen<\/li>\n<li>Torsten Rudloff, Leiter der Schule f\u00fcr Kinder Berufliche Reisender, Wiesbaden<\/li>\n<li>Antonina Pabst-Dittmann, VdCU, Wetter (Hessen)<\/li>\n<li>Gesamtschulrektorin Annette Schwer, Schule f\u00fcr Circuskinder NRW, Hilden<\/li>\n<li>Gesamtschuldirektorin i.R. Helga Sinner, Verein Schule im Circus e.V. D\u00fcsseldorf<\/li>\n<li>Annette Winters-Becker, Bereichslehrerin, Wesel<\/li>\n<li>Thomas Zimmerman, Europ\u00e4isches Bildungswerk f\u00fcr Beruf und Gesellschaft, Berlin<\/li>\n<\/ul>\n<p>Kontakt: Alfred A\u00dfmann: <a href=\"mailto:alfassmann@gmx.de\">alfassmann@gmx.de<\/a>, Tel.: <a href=\"tel:+491719345131\">0171-9345 131<\/a><\/p>\n\n\n<p><\/p>\n\n\n\n<figure class=\"wp-block-image\"><img loading=\"lazy\" decoding=\"async\" width=\"800\" height=\"600\" src=\"http:\/\/berid.de\/wp-1c7ce-content\/uploads\/2019\/11\/Foto-Arbeitsgrupp-Circusjgdl.-MAGS.jpg\" alt=\"\" class=\"wp-image-828\" srcset=\"https:\/\/berid.de\/wp-1c7ce-content\/uploads\/2019\/11\/Foto-Arbeitsgrupp-Circusjgdl.-MAGS.jpg 800w, https:\/\/berid.de\/wp-1c7ce-content\/uploads\/2019\/11\/Foto-Arbeitsgrupp-Circusjgdl.-MAGS-300x225.jpg 300w, https:\/\/berid.de\/wp-1c7ce-content\/uploads\/2019\/11\/Foto-Arbeitsgrupp-Circusjgdl.-MAGS-768x576.jpg 768w\" sizes=\"auto, (max-width: 800px) 100vw, 800px\" \/><figcaption>von l. nach r.: A. A\u00dfmann, BERiD\/ Chr. Raab, S. Grebenstein; St. Harms (Ministerium f\u00fcr Arbeit, Gesundheit, Soziales NRW)\/ Th. Zimmermann, BERiD;\/ M. Hakes, Ministerium f\u00fcr Schule und Bildung NRW\/ vorn AK Bichlmaier, Zirkus Manegentraum<\/figcaption><\/figure>\n","protected":false},"excerpt":{"rendered":"<p>F\u00fcr Jugendliche aus Circussen gibt es bislang nur \u00f6rtlich begrenzte M\u00f6glichkeiten, eine Berufsausbildung zu absolvieren. In der Regel ist eine Berufsausbildung mit der mobilen Lebensweise schwer in Einklang zu bringen. BERiD hat eine Projektgruppe gegr\u00fcndet, die mehr M\u00f6glichkeiten bietet, Berufsausbildungsangebote zu finden und diese in einer Handreichung zu dokumentieren. Zur [&hellip;]<\/p>\n","protected":false},"author":4,"featured_media":0,"parent":0,"menu_order":0,"comment_status":"closed","ping_status":"closed","template":"","meta":{"footnotes":""},"class_list":["post-118","page","type-page","status-publish","hentry"],"_links":{"self":[{"href":"https:\/\/berid.de\/index.php?rest_route=\/wp\/v2\/pages\/118","targetHints":{"allow":["GET"]}}],"collection":[{"href":"https:\/\/berid.de\/index.php?rest_route=\/wp\/v2\/pages"}],"about":[{"href":"https:\/\/berid.de\/index.php?rest_route=\/wp\/v2\/types\/page"}],"author":[{"embeddable":true,"href":"https:\/\/berid.de\/index.php?rest_route=\/wp\/v2\/users\/4"}],"replies":[{"embeddable":true,"href":"https:\/\/berid.de\/index.php?rest_route=%2Fwp%2Fv2%2Fcomments&post=118"}],"version-history":[{"count":3,"href":"https:\/\/berid.de\/index.php?rest_route=\/wp\/v2\/pages\/118\/revisions"}],"predecessor-version":[{"id":863,"href":"https:\/\/berid.de\/index.php?rest_route=\/wp\/v2\/pages\/118\/revisions\/863"}],"wp:attachment":[{"href":"https:\/\/berid.de\/index.php?rest_route=%2Fwp%2Fv2%2Fmedia&parent=118"}],"curies":[{"name":"wp","href":"https:\/\/api.w.org\/{rel}","templated":true}]}}