{"id":117,"date":"2018-05-19T18:23:52","date_gmt":"2018-05-19T18:23:52","guid":{"rendered":"http:\/\/127.0.0.1\/wordpress\/?page_id=117"},"modified":"2018-05-19T18:23:52","modified_gmt":"2018-05-19T18:23:52","slug":"handreichung-berufsbildung-fur-jugendliche-in-circussen","status":"publish","type":"page","link":"https:\/\/berid.de\/?page_id=117","title":{"rendered":"Handreichung &#8222;Berufsbildung f\u00fcr Jugendliche in Circussen&#8220;"},"content":{"rendered":"<p>F\u00fcr Jugendliche aus Circussen gibt es bislang nur \u00f6rtlich begrenzte M\u00f6glichkeiten, eine Berufsausbildung zu absolvieren. In der Regel ist eine Berufsausbildung mit der mobilen Lebensweise schwer in Einklang zu bringen.<\/p>\n<p>BERiD hat eine Projektgruppe gegr\u00fcndet, die mehr M\u00f6glichkeiten bietet, Berufsausbildungsangebote zu finden und diese in einer Handreichung zu dokumentieren.<\/p>\n<p>Zur Zeit liegt eine Handreichung als Zwischenbilanz vor, die bereits mehrere M\u00f6glichkeiten f\u00fcr Berufsausbildungen f\u00fcr diese Gruppe von Jugendlichen vorstellt.<\/p>\n<p><a href=\"http:\/\/berid.de\/wp-1c7ce-content\/uploads\/2018\/10\/Handreichung-Berufsbildung-Circus.pdf\" target=\"_blank\" rel=\"noopener\">Handreichung Berufsbildung f\u00fcr Jugendliche aus Circussen<\/a><\/p>\n<p>Kontakt: Alfred A\u00dfmann: <a href=\"mailto:alfassmann@gmx.de\">alfassmann@gmx.de<\/a>, Tel.: <a href=\"tel:+491719345131\">0171-9345 131<\/a><\/p>\n","protected":false},"excerpt":{"rendered":"<p>F\u00fcr Jugendliche aus Circussen gibt es bislang nur \u00f6rtlich begrenzte M\u00f6glichkeiten, eine Berufsausbildung zu absolvieren. In der Regel ist eine Berufsausbildung mit der mobilen Lebensweise schwer in Einklang zu bringen. BERiD hat eine Projektgruppe gegr\u00fcndet, die mehr M\u00f6glichkeiten bietet, Berufsausbildungsangebote zu finden und diese in einer Handreichung zu dokumentieren. Zur [&hellip;]<\/p>\n","protected":false},"author":4,"featured_media":0,"parent":0,"menu_order":0,"comment_status":"closed","ping_status":"closed","template":"","meta":{"footnotes":""},"class_list":["post-117","page","type-page","status-publish","hentry"],"_links":{"self":[{"href":"https:\/\/berid.de\/index.php?rest_route=\/wp\/v2\/pages\/117","targetHints":{"allow":["GET"]}}],"collection":[{"href":"https:\/\/berid.de\/index.php?rest_route=\/wp\/v2\/pages"}],"about":[{"href":"https:\/\/berid.de\/index.php?rest_route=\/wp\/v2\/types\/page"}],"author":[{"embeddable":true,"href":"https:\/\/berid.de\/index.php?rest_route=\/wp\/v2\/users\/4"}],"replies":[{"embeddable":true,"href":"https:\/\/berid.de\/index.php?rest_route=%2Fwp%2Fv2%2Fcomments&post=117"}],"version-history":[{"count":0,"href":"https:\/\/berid.de\/index.php?rest_route=\/wp\/v2\/pages\/117\/revisions"}],"wp:attachment":[{"href":"https:\/\/berid.de\/index.php?rest_route=%2Fwp%2Fv2%2Fmedia&parent=117"}],"curies":[{"name":"wp","href":"https:\/\/api.w.org\/{rel}","templated":true}]}}